{"id":54,"date":"2021-12-28T11:12:00","date_gmt":"2021-12-28T10:12:00","guid":{"rendered":"http:\/\/limba.radlin.pl\/limba\/?page_id=54"},"modified":"2021-12-28T09:46:00","modified_gmt":"2021-12-28T08:46:00","slug":"zdobywcy-odznak","status":"publish","type":"page","link":"https:\/\/limba.radlin.pl\/limba\/index.php\/zdobywcy-odznak\/","title":{"rendered":"Regulamin wycieczek rowerowych"},"content":{"rendered":"<h2 style=\"text-align: center;\">REGULAMIN<\/h2>\n<p style=\"text-align: center;\">&nbsp;&nbsp;&nbsp;&nbsp;&nbsp;&nbsp;&nbsp;&nbsp;&nbsp;&nbsp;&nbsp;&nbsp;&nbsp;&nbsp;&nbsp;&nbsp;&nbsp;&nbsp;&nbsp;&nbsp;&nbsp;&nbsp;&nbsp;&nbsp;&nbsp;&nbsp;&nbsp;&nbsp;&nbsp;&nbsp;&nbsp;&nbsp;&nbsp;&nbsp;&nbsp;&nbsp;&nbsp;&nbsp;&nbsp;&nbsp;&nbsp;&nbsp;&nbsp;&nbsp;&nbsp;&nbsp;&nbsp;&nbsp;&nbsp;&nbsp;&nbsp;&nbsp;&nbsp;&nbsp;&nbsp;&nbsp;&nbsp;&nbsp;&nbsp;&nbsp;&nbsp;&nbsp;<\/p>\n<p style=\"text-align: left;\">1. Uczestnictwo w wycieczkach rowerowych i rajdach nale\u017cy dostosowa\u0107 do swoich umiej\u0119tno\u015bci.<\/p>\n<p style=\"text-align: left;\">2. Zapisy na rajdy rowerowe s\u0105 przyjmowane w siedzibie ko\u0142a &#8221; Gronie&#8221; ,w ka\u017cd\u0105 \u015brod\u0119 w godz. 10,00 &#8211; 14,30.<\/p>\n<p style=\"text-align: left;\">&nbsp;3. Osoba odpowiedzialna za realizacj\u0119 wycieczki rowerowej oraz rajdu jest organizator lub przodownik turystyki kolarskiej prowadz\u0105cy wycieczk\u0119.<\/p>\n<p style=\"text-align: left;\">4. Dzieci uczestnicz\u0105ce w wycieczkach i rajdach rowerowych, uczestnicz\u0105 pod opiek\u0105 osoby doros\u0142ej i<em><strong> obowi\u0105zkowo w kaskach.<\/strong><\/em><\/p>\n<p style=\"text-align: left;\">5. Rowerzysta &#8211; Turysta odbywa wycieczki rowerowe oraz rajdy na w\u0142asn\u0105 odpowiedzialno\u015b\u0107, przy zachowaniu zasad bezpiecznego&nbsp; uprawiania turystyki rowerowej, przestrzega przepis\u00f3w o ruchu drogowym i stosuje si\u0119 do znak\u00f3w drogowych oraz przestrzega przepis\u00f3w dotycz\u0105cych poruszania si\u0119 po drogach publicznych oraz w rejonach granicy&nbsp; &nbsp; pa\u0144stwa.<\/p>\n<p style=\"text-align: left;\">&nbsp;6. W trakcie trwania wycieczki rowerowej oraz rajdu rowerowego nale\u017cy podporz\u0105dkowa\u0107 si\u0119&nbsp; &nbsp;poleceniom <em><strong>przodownika<\/strong><\/em> prowadz\u0105cego wycieczk\u0119 lub rajd rowerowy, oraz zg\u0142asza\u0107 jej wszystkie problemy.<\/p>\n<p style=\"text-align: left;\">7. Wycieczka rowerowa lub rajd mog\u0105 zosta\u0107 odwo\u0142ane, je\u017celi warunki pogodowe nie pozwalaj\u0105 na odbycie wycieczki rowerowej ( deszcz , zimno, mocny wiatr ).<\/p>\n<p>8. Zaleca si\u0119 uczestnictwo w wycieczce rowerowej lub rajdzie w kaskach&nbsp; &#8222;<em><strong>ZDROWO&nbsp; BO ROWEROWO &#8222;<\/strong><\/em><\/p>\n<p style=\"text-align: left;\">9. Rowerzysta &#8211; Turysta kt\u00f3ry uczestniczy w wycieczce rowerowej lub rajdzie <em><strong>uwa\u017ca si\u0119 \u017ce<\/strong><\/em> <em><strong>zapozna\u0142 si\u0119 z niniejszym regulaminem.<\/strong><\/em><\/p>\n\n\n<p><\/p>\n","protected":false},"excerpt":{"rendered":"<p>REGULAMIN &nbsp;&nbsp;&nbsp;&nbsp;&nbsp;&nbsp;&nbsp;&nbsp;&nbsp;&nbsp;&nbsp;&nbsp;&nbsp;&nbsp;&nbsp;&nbsp;&nbsp;&nbsp;&nbsp;&nbsp;&nbsp;&nbsp;&nbsp;&nbsp;&nbsp;&nbsp;&nbsp;&nbsp;&nbsp;&nbsp;&nbsp;&nbsp;&nbsp;&nbsp;&nbsp;&nbsp;&nbsp;&nbsp;&nbsp;&nbsp;&nbsp;&nbsp;&nbsp;&nbsp;&nbsp;&nbsp;&nbsp;&nbsp;&nbsp;&nbsp;&nbsp;&nbsp;&nbsp;&nbsp;&nbsp;&nbsp;&nbsp;&nbsp;&nbsp;&nbsp;&nbsp;&nbsp; 1. Uczestnictwo w wycieczkach rowerowych i rajdach nale\u017cy dostosowa\u0107 do swoich umiej\u0119tno\u015bci. 2. Zapisy na rajdy rowerowe s\u0105 przyjmowane w siedzibie ko\u0142a &#8221; Gronie&#8221; ,w ka\u017cd\u0105 \u015brod\u0119 w godz. 10,00 &#8211; 14,30. &nbsp;3. Osoba odpowiedzialna za realizacj\u0119 wycieczki<\/p>\n","protected":false},"author":2,"featured_media":0,"parent":0,"menu_order":0,"comment_status":"closed","ping_status":"closed","template":"","meta":{"ngg_post_thumbnail":0,"footnotes":""},"class_list":["post-54","page","type-page","status-publish","hentry"],"aioseo_notices":[],"_links":{"self":[{"href":"https:\/\/limba.radlin.pl\/limba\/index.php\/wp-json\/wp\/v2\/pages\/54","targetHints":{"allow":["GET"]}}],"collection":[{"href":"https:\/\/limba.radlin.pl\/limba\/index.php\/wp-json\/wp\/v2\/pages"}],"about":[{"href":"https:\/\/limba.radlin.pl\/limba\/index.php\/wp-json\/wp\/v2\/types\/page"}],"author":[{"embeddable":true,"href":"https:\/\/limba.radlin.pl\/limba\/index.php\/wp-json\/wp\/v2\/users\/2"}],"replies":[{"embeddable":true,"href":"https:\/\/limba.radlin.pl\/limba\/index.php\/wp-json\/wp\/v2\/comments?post=54"}],"version-history":[{"count":28,"href":"https:\/\/limba.radlin.pl\/limba\/index.php\/wp-json\/wp\/v2\/pages\/54\/revisions"}],"predecessor-version":[{"id":3028,"href":"https:\/\/limba.radlin.pl\/limba\/index.php\/wp-json\/wp\/v2\/pages\/54\/revisions\/3028"}],"wp:attachment":[{"href":"https:\/\/limba.radlin.pl\/limba\/index.php\/wp-json\/wp\/v2\/media?parent=54"}],"curies":[{"name":"wp","href":"https:\/\/api.w.org\/{rel}","templated":true}]}}