{"id":33,"date":"2021-12-23T22:33:46","date_gmt":"2021-12-23T21:33:46","guid":{"rendered":"http:\/\/limba.radlin.pl\/limba\/?page_id=33"},"modified":"2021-12-29T20:53:42","modified_gmt":"2021-12-29T19:53:42","slug":"zadania-ktg-limba","status":"publish","type":"page","link":"https:\/\/limba.radlin.pl\/limba\/index.php\/zadania-ktg-limba\/","title":{"rendered":"Zadania"},"content":{"rendered":"\n<h3 class=\"has-text-align-center wp-block-heading\">Zadania K.T.K. na lata 2022 &#8211; 2025r<\/h3>\n\n\n<ol>\n<li>Popularyzacja turystyki kolarskiej, oraz ich walor\u00f3w krajoznawczych i przyrodniczych.<\/li>\n<li>Zach\u0119canie do zdobywania odznaki KOT i innych odznak turystyki kwalifikowanej.<\/li>\n<li>Organizacja wycieczek rowerowych oraz rajd\u00f3w.<\/li>\n<li>Powi\u0119kszanie kadry o nowych Przodownik\u00f3w Turystyki Kolarskiej.<\/li>\n<li>Organizowanie konkursu <strong>( &#8221; O Puchar Przewodnicz\u0105cego K.T.K &#8221; ).<\/strong><\/li>\n<li>Zaprojektowanie logo K.T.K. &#8222;Cyklista &#8222;.<\/li>\n<li>Wsp\u00f3\u0142praca z innymi oddzia\u0142ami, ko\u0142ami i klubami.<\/li>\n<li>Utworzenie Terenowego Referatu Weryfikacyjnego K.O.T.<\/li>\n<\/ol>\n\n\n<p><\/p>\n","protected":false},"excerpt":{"rendered":"<p>Zadania K.T.K. na lata 2022 &#8211; 2025r Popularyzacja turystyki kolarskiej, oraz ich walor\u00f3w krajoznawczych i przyrodniczych. Zach\u0119canie do zdobywania odznaki KOT i innych odznak turystyki kwalifikowanej. Organizacja wycieczek rowerowych oraz rajd\u00f3w. Powi\u0119kszanie kadry o nowych Przodownik\u00f3w Turystyki Kolarskiej. Organizowanie konkursu<\/p>\n","protected":false},"author":1,"featured_media":0,"parent":0,"menu_order":0,"comment_status":"closed","ping_status":"closed","template":"","meta":{"ngg_post_thumbnail":0,"footnotes":""},"class_list":["post-33","page","type-page","status-publish","hentry"],"aioseo_notices":[],"_links":{"self":[{"href":"https:\/\/limba.radlin.pl\/limba\/index.php\/wp-json\/wp\/v2\/pages\/33","targetHints":{"allow":["GET"]}}],"collection":[{"href":"https:\/\/limba.radlin.pl\/limba\/index.php\/wp-json\/wp\/v2\/pages"}],"about":[{"href":"https:\/\/limba.radlin.pl\/limba\/index.php\/wp-json\/wp\/v2\/types\/page"}],"author":[{"embeddable":true,"href":"https:\/\/limba.radlin.pl\/limba\/index.php\/wp-json\/wp\/v2\/users\/1"}],"replies":[{"embeddable":true,"href":"https:\/\/limba.radlin.pl\/limba\/index.php\/wp-json\/wp\/v2\/comments?post=33"}],"version-history":[{"count":8,"href":"https:\/\/limba.radlin.pl\/limba\/index.php\/wp-json\/wp\/v2\/pages\/33\/revisions"}],"predecessor-version":[{"id":3094,"href":"https:\/\/limba.radlin.pl\/limba\/index.php\/wp-json\/wp\/v2\/pages\/33\/revisions\/3094"}],"wp:attachment":[{"href":"https:\/\/limba.radlin.pl\/limba\/index.php\/wp-json\/wp\/v2\/media?parent=33"}],"curies":[{"name":"wp","href":"https:\/\/api.w.org\/{rel}","templated":true}]}}